{"id":58,"date":"2018-11-02T10:42:38","date_gmt":"2018-11-02T09:42:38","guid":{"rendered":"http:\/\/listeo.wpengine.com\/?page_id=86"},"modified":"2022-04-04T00:50:22","modified_gmt":"2022-04-03T22:50:22","slug":"precios","status":"publish","type":"page","link":"https:\/\/rutagolfodebizkaia.com\/es_es\/precios\/","title":{"rendered":"TARIFAS PARA DESTACAR LUGARES"},"content":{"rendered":"<div class=\"vc_row wpb_row vc_row-fluid\"><div class=\"wpb_column vc_column_container vc_col-sm-12\"><div class=\"vc_column-inner\"><div class=\"wpb_wrapper\">\n\t<div class=\"wpb_text_column wpb_content_element \" >\n\t\t<div class=\"wpb_wrapper\">\n\t\t\t<p>Nuestra Ruta no utiliza banners publicitarios al uso. Entendemos que son f\u00f3rmulas intrusivas que erosionan la experiencia de usuario y no resultan eficaces para ofrecer la informaci\u00f3n adecuada a su p\u00fablico objetivo.<\/p>\n<p>Por eso la \u00fanica f\u00f3rmula de promoci\u00f3n pagada que se acepta en la Ruta son las ventanas destacadas.<\/p>\n<p>Estas ventanas aparecen en todas las secciones de la web y de la app, y son fichas iguales que el resto de los lugares de la ruta, que han sido redactadas y valoradas de manera independiente por nuestros editores, pero que adquieren una\u00a0 notoriedad y presencia a\u00f1adida en la ruta al aparecer en m\u00e1s lugares que el resto de las fichas.<\/p>\n<p>Hay 4 tipos de ventanas destacadas, y cada una tiene un precio diferente.<\/p>\n<p>A continuaci\u00f3n te explicamos los 4 niveles y las posibilidades y precios de cada una de ellas.<\/p>\n\n\t\t<\/div>\n\t<\/div>\n<\/div><\/div><\/div><\/div><div class=\"vc_row wpb_row vc_row-fluid\"><div class=\"wpb_column vc_column_container vc_col-sm-12\"><div class=\"vc_column-inner\"><div class=\"wpb_wrapper\"><div class=\"vc_separator wpb_content_element vc_separator_align_center vc_sep_width_100 vc_sep_pos_align_center vc_separator_no_text vc_sep_color_black\" ><span class=\"vc_sep_holder vc_sep_holder_l\"><span  class=\"vc_sep_line\"><\/span><\/span><span class=\"vc_sep_holder vc_sep_holder_r\"><span  class=\"vc_sep_line\"><\/span><\/span>\n<\/div>\n\t<div class=\"wpb_text_column wpb_content_element  vc_custom_1649025990457\" >\n\t\t<div class=\"wpb_wrapper\">\n\t\t\t<h2 style=\"text-align: center;\">VENTANAS PEQUE\u00d1AS CUADRADAS<\/h2>\n<h2 style=\"text-align: center;\">EN CARRUSEL<\/h2>\n\n\t\t<\/div>\n\t<\/div>\n\n\t<div class=\"wpb_single_image wpb_content_element vc_align_center\">\n\t\t\n\t\t<figure class=\"wpb_wrapper vc_figure\">\n\t\t\t<div class=\"vc_single_image-wrapper   vc_box_border_grey\"><img fetchpriority=\"high\" decoding=\"async\" class=\"vc_single_image-img \" src=\"https:\/\/rutagolfodebizkaia.com\/wp-content\/uploads\/2022\/04\/RGB-destacados-ventana-pequen\u0303a-cuadrada-400x250.png\" width=\"400\" height=\"250\" alt=\"RGB destacados ventana pequen\u0303a cuadrada\" title=\"RGB destacados ventana pequen\u0303a cuadrada\" \/><\/div>\n\t\t<\/figure>\n\t<\/div>\n<div class=\"vc_empty_space\"   style=\"height: 32px\"><span class=\"vc_empty_space_inner\"><\/span><\/div>    <div class=\"pricing-container margin-top-30\">\r\n\r\n                <div class=\"plan \">\r\n                \r\n                <div class=\"plan-price\">\r\n\r\n                    <h3>- LUGAR DESTACADO 1 MES<\/h3>\r\n                    <span class=\"value\"> <span class=\"woocommerce-Price-amount amount\"><bdi><span class=\"woocommerce-Price-currencySymbol\">&euro;<\/span>9,90<\/bdi><\/span><\/span>\r\n                    <span class=\"period\">Pago mensual<\/span>\r\n                <\/div>\r\n\r\n                <div class=\"plan-features\">\r\n                    <ul class=\"plan-features-auto-wc\">\r\n                                                    <li>\r\n                                This plan includes 1 listings                             <\/li>\r\n                                                <li>\r\n                            Listings are visible for 31 days                        <\/li>\r\n                                               \r\n\r\n                    <\/ul>\r\n                    <ul>\r\n \t<li>Un lugar<\/li>\r\n \t<li>Para 1 mes<\/li>\r\n \t<li>Destacado en las b\u00fasquedas con una estrella dorada<\/li>\r\n<\/ul>                    <a href=\"\/es_es\/wp-json\/wp\/v2\/pages\/58?add-to-cart=154\" class=\"button\"><i class=\"fa fa-shopping-cart\"><\/i> Add Listing<\/a>\r\n           \r\n              \r\n                <\/div>  \r\n                       \r\n                <\/div>\r\n          \r\n                    <div class=\"plan featured\">\r\n                                    <div class=\"listing-badge\">\r\n                        <span class=\"featured\">Featured<\/span>\r\n                    <\/div>\r\n                \r\n                <div class=\"plan-price\">\r\n\r\n                    <h3>- LUGAR DESTACADO 1 A\u00d1O<\/h3>\r\n                    <span class=\"value\"> <span class=\"woocommerce-Price-amount amount\"><bdi><span class=\"woocommerce-Price-currencySymbol\">&euro;<\/span>89,00<\/bdi><\/span><\/span>\r\n                    <span class=\"period\">Pago anual (7,4\u20ac\/mes)<\/span>\r\n                <\/div>\r\n\r\n                <div class=\"plan-features\">\r\n                    <ul class=\"plan-features-auto-wc\">\r\n                                                    <li>\r\n                                This plan includes 1 listings                             <\/li>\r\n                                                <li>\r\n                            Listings are visible for 365 days                        <\/li>\r\n                                               \r\n\r\n                    <\/ul>\r\n                    <ul>\r\n \t<li>Un lugar<\/li>\r\n \t<li>Para 1 a\u00f1o<\/li>\r\n \t<li>Destacado en las b\u00fasquedas con una estrella dorada<\/li>\r\n<\/ul>                    <a href=\"\/es_es\/wp-json\/wp\/v2\/pages\/58?add-to-cart=173\" class=\"button\"><i class=\"fa fa-shopping-cart\"><\/i> Add Listing<\/a>\r\n           \r\n              \r\n                <\/div>  \r\n                       \r\n                <\/div>\r\n          \r\n                    <div class=\"plan \">\r\n                \r\n                <div class=\"plan-price\">\r\n\r\n                    <h3>- LUGAR DESTACADO 5 A\u00d1OS<\/h3>\r\n                    <span class=\"value\"> <span class=\"woocommerce-Price-amount amount\"><bdi><span class=\"woocommerce-Price-currencySymbol\">&euro;<\/span>349,00<\/bdi><\/span><\/span>\r\n                    <span class=\"period\">Pago para 5 a\u00f1os (5,8\u20ac\/mes)<\/span>\r\n                <\/div>\r\n\r\n                <div class=\"plan-features\">\r\n                    <ul class=\"plan-features-auto-wc\">\r\n                                                    <li>\r\n                                This plan includes 1 listings                             <\/li>\r\n                                                <li>\r\n                            Listings are visible for 1825 days                        <\/li>\r\n                                               \r\n\r\n                    <\/ul>\r\n                    <ul>\r\n \t<li>Un lugar<\/li>\r\n \t<li>Para 5 a\u00f1os<\/li>\r\n \t<li>Destacado en las b\u00fasquedas con una estrella dorada<\/li>\r\n<\/ul>                    <a href=\"\/es_es\/wp-json\/wp\/v2\/pages\/58?add-to-cart=704\" class=\"button\"><i class=\"fa fa-shopping-cart\"><\/i> Add Listing<\/a>\r\n           \r\n              \r\n                <\/div>  \r\n                       \r\n                <\/div>\r\n          \r\n                <\/div>\r\n    <\/div><\/div><\/div><\/div><div class=\"vc_row wpb_row vc_row-fluid\"><div class=\"wpb_column vc_column_container vc_col-sm-12\"><div class=\"vc_column-inner\"><div class=\"wpb_wrapper\"><div class=\"vc_separator wpb_content_element vc_separator_align_center vc_sep_width_100 vc_sep_pos_align_center vc_separator_no_text vc_sep_color_black\" ><span class=\"vc_sep_holder vc_sep_holder_l\"><span  class=\"vc_sep_line\"><\/span><\/span><span class=\"vc_sep_holder vc_sep_holder_r\"><span  class=\"vc_sep_line\"><\/span><\/span>\n<\/div>\n\t<div class=\"wpb_text_column wpb_content_element  vc_custom_1649025974779\" >\n\t\t<div class=\"wpb_wrapper\">\n\t\t\t<h2 style=\"text-align: center;\">VENTANAS PEQUE\u00d1AS ALARGADAS EN CARRUSEL<\/h2>\n\n\t\t<\/div>\n\t<\/div>\n\n\t<div class=\"wpb_single_image wpb_content_element vc_align_center\">\n\t\t\n\t\t<figure class=\"wpb_wrapper vc_figure\">\n\t\t\t<div class=\"vc_single_image-wrapper   vc_box_border_grey\"><img decoding=\"async\" class=\"vc_single_image-img \" src=\"https:\/\/rutagolfodebizkaia.com\/wp-content\/uploads\/2022\/04\/RGB-destacados-ventana-pequen\u0303a-alargada-700x250.png\" width=\"700\" height=\"250\" alt=\"RGB destacados ventana pequen\u0303a alargada\" title=\"RGB destacados ventana pequen\u0303a alargada\" \/><\/div>\n\t\t<\/figure>\n\t<\/div>\n<div class=\"vc_empty_space\"   style=\"height: 32px\"><span class=\"vc_empty_space_inner\"><\/span><\/div>    <div class=\"pricing-container margin-top-30\">\r\n\r\n                <div class=\"plan \">\r\n                \r\n                <div class=\"plan-price\">\r\n\r\n                    <h3>- LUGAR DESTACADO 1 MES<\/h3>\r\n                    <span class=\"value\"> <span class=\"woocommerce-Price-amount amount\"><bdi><span class=\"woocommerce-Price-currencySymbol\">&euro;<\/span>9,90<\/bdi><\/span><\/span>\r\n                    <span class=\"period\">Pago mensual<\/span>\r\n                <\/div>\r\n\r\n                <div class=\"plan-features\">\r\n                    <ul class=\"plan-features-auto-wc\">\r\n                                                    <li>\r\n                                This plan includes 1 listings                             <\/li>\r\n                                                <li>\r\n                            Listings are visible for 31 days                        <\/li>\r\n                                               \r\n\r\n                    <\/ul>\r\n                    <ul>\r\n \t<li>Un lugar<\/li>\r\n \t<li>Para 1 mes<\/li>\r\n \t<li>Destacado en las b\u00fasquedas con una estrella dorada<\/li>\r\n<\/ul>                    <a href=\"\/es_es\/wp-json\/wp\/v2\/pages\/58?add-to-cart=154\" class=\"button\"><i class=\"fa fa-shopping-cart\"><\/i> Add Listing<\/a>\r\n           \r\n              \r\n                <\/div>  \r\n                       \r\n                <\/div>\r\n          \r\n                    <div class=\"plan featured\">\r\n                                    <div class=\"listing-badge\">\r\n                        <span class=\"featured\">Featured<\/span>\r\n                    <\/div>\r\n                \r\n                <div class=\"plan-price\">\r\n\r\n                    <h3>- LUGAR DESTACADO 1 A\u00d1O<\/h3>\r\n                    <span class=\"value\"> <span class=\"woocommerce-Price-amount amount\"><bdi><span class=\"woocommerce-Price-currencySymbol\">&euro;<\/span>89,00<\/bdi><\/span><\/span>\r\n                    <span class=\"period\">Pago anual (7,4\u20ac\/mes)<\/span>\r\n                <\/div>\r\n\r\n                <div class=\"plan-features\">\r\n                    <ul class=\"plan-features-auto-wc\">\r\n                                                    <li>\r\n                                This plan includes 1 listings                             <\/li>\r\n                                                <li>\r\n                            Listings are visible for 365 days                        <\/li>\r\n                                               \r\n\r\n                    <\/ul>\r\n                    <ul>\r\n \t<li>Un lugar<\/li>\r\n \t<li>Para 1 a\u00f1o<\/li>\r\n \t<li>Destacado en las b\u00fasquedas con una estrella dorada<\/li>\r\n<\/ul>                    <a href=\"\/es_es\/wp-json\/wp\/v2\/pages\/58?add-to-cart=173\" class=\"button\"><i class=\"fa fa-shopping-cart\"><\/i> Add Listing<\/a>\r\n           \r\n              \r\n                <\/div>  \r\n                       \r\n                <\/div>\r\n          \r\n                    <div class=\"plan \">\r\n                \r\n                <div class=\"plan-price\">\r\n\r\n                    <h3>- LUGAR DESTACADO 5 A\u00d1OS<\/h3>\r\n                    <span class=\"value\"> <span class=\"woocommerce-Price-amount amount\"><bdi><span class=\"woocommerce-Price-currencySymbol\">&euro;<\/span>349,00<\/bdi><\/span><\/span>\r\n                    <span class=\"period\">Pago para 5 a\u00f1os (5,8\u20ac\/mes)<\/span>\r\n                <\/div>\r\n\r\n                <div class=\"plan-features\">\r\n                    <ul class=\"plan-features-auto-wc\">\r\n                                                    <li>\r\n                                This plan includes 1 listings                             <\/li>\r\n                                                <li>\r\n                            Listings are visible for 1825 days                        <\/li>\r\n                                               \r\n\r\n                    <\/ul>\r\n                    <ul>\r\n \t<li>Un lugar<\/li>\r\n \t<li>Para 5 a\u00f1os<\/li>\r\n \t<li>Destacado en las b\u00fasquedas con una estrella dorada<\/li>\r\n<\/ul>                    <a href=\"\/es_es\/wp-json\/wp\/v2\/pages\/58?add-to-cart=704\" class=\"button\"><i class=\"fa fa-shopping-cart\"><\/i> Add Listing<\/a>\r\n           \r\n              \r\n                <\/div>  \r\n                       \r\n                <\/div>\r\n          \r\n                <\/div>\r\n    <\/div><\/div><\/div><\/div><div class=\"vc_row wpb_row vc_row-fluid\"><div class=\"wpb_column vc_column_container vc_col-sm-12\"><div class=\"vc_column-inner\"><div class=\"wpb_wrapper\"><div class=\"vc_separator wpb_content_element vc_separator_align_center vc_sep_width_100 vc_sep_pos_align_center vc_separator_no_text vc_sep_color_black\" ><span class=\"vc_sep_holder vc_sep_holder_l\"><span  class=\"vc_sep_line\"><\/span><\/span><span class=\"vc_sep_holder vc_sep_holder_r\"><span  class=\"vc_sep_line\"><\/span><\/span>\n<\/div>\n\t<div class=\"wpb_text_column wpb_content_element  vc_custom_1649026005329\" >\n\t\t<div class=\"wpb_wrapper\">\n\t\t\t<h2 style=\"text-align: center;\">VENTANAS GRANDES EN CARRUSEL<\/h2>\n\n\t\t<\/div>\n\t<\/div>\n<div class=\"vc_empty_space\"   style=\"height: 32px\"><span class=\"vc_empty_space_inner\"><\/span><\/div><div class=\"woocommerce columns-1 \"><ul class=\"products columns-1\">\n\t\t<li class=\"regular-product post-1253 product type-product status-publish has-post-thumbnail product_cat-propietarias-os first instock shipping-taxable purchasable product-type-simple\">\n\t\t\n\t\t<a href=\"https:\/\/rutagolfodebizkaia.com\/es_es\/product\/destacados-ventana-grande-mensual\/\" class=\"woocommerce-LoopProduct-link woocommerce-loop-product__link\">\t\t\n\t\t\t<div class=\"mediaholder\">\n\t\t\t\t<img decoding=\"async\" width=\"800\" height=\"310\" src=\"https:\/\/rutagolfodebizkaia.com\/wp-content\/uploads\/2022\/02\/RGB-ventana-destacada-grande-carrusel-800x310.png\" class=\"attachment-woocommerce_thumbnail size-woocommerce_thumbnail\" alt=\"\" srcset=\"https:\/\/rutagolfodebizkaia.com\/wp-content\/uploads\/2022\/02\/RGB-ventana-destacada-grande-carrusel-800x310.png 800w, https:\/\/rutagolfodebizkaia.com\/wp-content\/uploads\/2022\/02\/RGB-ventana-destacada-grande-carrusel-1000x387.png 1000w, https:\/\/rutagolfodebizkaia.com\/wp-content\/uploads\/2022\/02\/RGB-ventana-destacada-grande-carrusel-300x116.png 300w, https:\/\/rutagolfodebizkaia.com\/wp-content\/uploads\/2022\/02\/RGB-ventana-destacada-grande-carrusel-1024x397.png 1024w, https:\/\/rutagolfodebizkaia.com\/wp-content\/uploads\/2022\/02\/RGB-ventana-destacada-grande-carrusel-768x298.png 768w, https:\/\/rutagolfodebizkaia.com\/wp-content\/uploads\/2022\/02\/RGB-ventana-destacada-grande-carrusel-1536x595.png 1536w, https:\/\/rutagolfodebizkaia.com\/wp-content\/uploads\/2022\/02\/RGB-ventana-destacada-grande-carrusel-2048x793.png 2048w, https:\/\/rutagolfodebizkaia.com\/wp-content\/uploads\/2022\/02\/RGB-ventana-destacada-grande-carrusel-18x7.png 18w, https:\/\/rutagolfodebizkaia.com\/wp-content\/uploads\/2022\/02\/RGB-ventana-destacada-grande-carrusel-590x229.png 590w, https:\/\/rutagolfodebizkaia.com\/wp-content\/uploads\/2022\/02\/RGB-ventana-destacada-grande-carrusel-1200x465.png 1200w, https:\/\/rutagolfodebizkaia.com\/wp-content\/uploads\/2022\/02\/RGB-ventana-destacada-grande-carrusel-577x224.png 577w\" sizes=\"(max-width: 800px) 100vw, 800px\" \/><a href=\"?add-to-cart=1253\" aria-describedby=\"woocommerce_loop_add_to_cart_link_describedby_1253\" data-quantity=\"1\" class=\"button product_type_simple add_to_cart_button ajax_add_to_cart\" data-product_id=\"1253\" data-product_sku=\"\" aria-label=\"A\u00f1adir al carrito: &ldquo;DESTACAR EN VENTANA GRANDE CARRUSEL&rdquo;\" aria-describedby=\"\" rel=\"nofollow\"><i class=\"fas fa-circle-notch fa-spin\"><\/i>A\u00f1adir al carrito<\/a><span id=\"woocommerce_loop_add_to_cart_link_describedby_1253\" class=\"screen-reader-text\">\n    <\/span>\t\t\t<\/div>\n\n\t\t\t<section>\n\t\t\t\t<span class=\"product-category\">\n\t\t\t\tPROPIETARIAS\/OS\t\t\t\t<\/span>\n\n\t\t\t\t<h5><a href=\"https:\/\/rutagolfodebizkaia.com\/es_es\/product\/destacados-ventana-grande-mensual\/\">DESTACAR EN VENTANA GRANDE CARRUSEL<\/a><\/h5>\n\t\t\t\t\n\t<span class=\"price\"><span class=\"woocommerce-Price-amount amount\"><bdi><span class=\"woocommerce-Price-currencySymbol\">&euro;<\/span>200,00<\/bdi><\/span><\/span>\n\t\t\t<\/section>\n\t\n\n\t\t<\/a>\n\t<\/li>\n<\/ul>\n<\/div><\/div><\/div><\/div><\/div><div class=\"vc_row wpb_row vc_row-fluid\"><div class=\"wpb_column vc_column_container vc_col-sm-12\"><div class=\"vc_column-inner\"><div class=\"wpb_wrapper\"><div class=\"vc_separator wpb_content_element vc_separator_align_center vc_sep_width_100 vc_sep_pos_align_center vc_separator_no_text vc_sep_color_black\" ><span class=\"vc_sep_holder vc_sep_holder_l\"><span  class=\"vc_sep_line\"><\/span><\/span><span class=\"vc_sep_holder vc_sep_holder_r\"><span  class=\"vc_sep_line\"><\/span><\/span>\n<\/div>\n\t<div class=\"wpb_text_column wpb_content_element  vc_custom_1649019435845\" >\n\t\t<div class=\"wpb_wrapper\">\n\t\t\t<h2 style=\"text-align: center;\">VENTANAS GRANDES FIJAS<\/h2>\n\n\t\t<\/div>\n\t<\/div>\n<div class=\"vc_empty_space\"   style=\"height: 32px\"><span class=\"vc_empty_space_inner\"><\/span><\/div><div class=\"woocommerce columns-1 \"><ul class=\"products columns-1\">\n\t\t<li class=\"regular-product post-1259 product type-product status-publish has-post-thumbnail product_cat-propietarias-os first instock virtual purchasable product-type-simple\">\n\t\t\n\t\t<a href=\"https:\/\/rutagolfodebizkaia.com\/es_es\/product\/destacados-ventana-grande-fija-mensual\/\" class=\"woocommerce-LoopProduct-link woocommerce-loop-product__link\">\t\t\n\t\t\t<div class=\"mediaholder\">\n\t\t\t\t<img loading=\"lazy\" decoding=\"async\" width=\"800\" height=\"317\" src=\"https:\/\/rutagolfodebizkaia.com\/wp-content\/uploads\/2022\/02\/Captura-de-pantalla-2022-04-04-a-las-0.25.16-800x317.png\" class=\"attachment-woocommerce_thumbnail size-woocommerce_thumbnail\" alt=\"\" srcset=\"https:\/\/rutagolfodebizkaia.com\/wp-content\/uploads\/2022\/02\/Captura-de-pantalla-2022-04-04-a-las-0.25.16-800x317.png 800w, https:\/\/rutagolfodebizkaia.com\/wp-content\/uploads\/2022\/02\/Captura-de-pantalla-2022-04-04-a-las-0.25.16-1000x397.png 1000w, https:\/\/rutagolfodebizkaia.com\/wp-content\/uploads\/2022\/02\/Captura-de-pantalla-2022-04-04-a-las-0.25.16-300x119.png 300w, https:\/\/rutagolfodebizkaia.com\/wp-content\/uploads\/2022\/02\/Captura-de-pantalla-2022-04-04-a-las-0.25.16-1024x406.png 1024w, https:\/\/rutagolfodebizkaia.com\/wp-content\/uploads\/2022\/02\/Captura-de-pantalla-2022-04-04-a-las-0.25.16-768x305.png 768w, https:\/\/rutagolfodebizkaia.com\/wp-content\/uploads\/2022\/02\/Captura-de-pantalla-2022-04-04-a-las-0.25.16-1536x609.png 1536w, https:\/\/rutagolfodebizkaia.com\/wp-content\/uploads\/2022\/02\/Captura-de-pantalla-2022-04-04-a-las-0.25.16-2048x812.png 2048w, https:\/\/rutagolfodebizkaia.com\/wp-content\/uploads\/2022\/02\/Captura-de-pantalla-2022-04-04-a-las-0.25.16-18x7.png 18w, https:\/\/rutagolfodebizkaia.com\/wp-content\/uploads\/2022\/02\/Captura-de-pantalla-2022-04-04-a-las-0.25.16-590x234.png 590w, https:\/\/rutagolfodebizkaia.com\/wp-content\/uploads\/2022\/02\/Captura-de-pantalla-2022-04-04-a-las-0.25.16-1200x476.png 1200w, https:\/\/rutagolfodebizkaia.com\/wp-content\/uploads\/2022\/02\/Captura-de-pantalla-2022-04-04-a-las-0.25.16-577x229.png 577w\" sizes=\"(max-width: 800px) 100vw, 800px\" \/><a href=\"?add-to-cart=1259\" aria-describedby=\"woocommerce_loop_add_to_cart_link_describedby_1259\" data-quantity=\"1\" class=\"button product_type_simple add_to_cart_button ajax_add_to_cart\" data-product_id=\"1259\" data-product_sku=\"\" aria-label=\"A\u00f1adir al carrito: &ldquo;DESTACAR EN VENTANA GRANDE FIJA&rdquo;\" aria-describedby=\"\" rel=\"nofollow\"><i class=\"fas fa-circle-notch fa-spin\"><\/i>A\u00f1adir al carrito<\/a><span id=\"woocommerce_loop_add_to_cart_link_describedby_1259\" class=\"screen-reader-text\">\n    <\/span>\t\t\t<\/div>\n\n\t\t\t<section>\n\t\t\t\t<span class=\"product-category\">\n\t\t\t\tPROPIETARIAS\/OS\t\t\t\t<\/span>\n\n\t\t\t\t<h5><a href=\"https:\/\/rutagolfodebizkaia.com\/es_es\/product\/destacados-ventana-grande-fija-mensual\/\">DESTACAR EN VENTANA GRANDE FIJA<\/a><\/h5>\n\t\t\t\t\n\t<span class=\"price\"><span class=\"woocommerce-Price-amount amount\"><bdi><span class=\"woocommerce-Price-currencySymbol\">&euro;<\/span>2.000,00<\/bdi><\/span><\/span>\n\t\t\t<\/section>\n\t\n\n\t\t<\/a>\n\t<\/li>\n<\/ul>\n<\/div><\/div><\/div><\/div><\/div>\n","protected":false},"excerpt":{"rendered":"Un lugar Para 5 a\u00f1os Destacado en las b\u00fasquedas con una estrella dorada","protected":false},"author":1,"featured_media":0,"parent":0,"menu_order":0,"comment_status":"closed","ping_status":"closed","template":"","meta":{"footnotes":""},"class_list":["post-58","page","type-page","status-publish","hentry"],"jetpack_sharing_enabled":true,"_links":{"self":[{"href":"https:\/\/rutagolfodebizkaia.com\/es_es\/wp-json\/wp\/v2\/pages\/58","targetHints":{"allow":["GET"]}}],"collection":[{"href":"https:\/\/rutagolfodebizkaia.com\/es_es\/wp-json\/wp\/v2\/pages"}],"about":[{"href":"https:\/\/rutagolfodebizkaia.com\/es_es\/wp-json\/wp\/v2\/types\/page"}],"author":[{"embeddable":true,"href":"https:\/\/rutagolfodebizkaia.com\/es_es\/wp-json\/wp\/v2\/users\/1"}],"replies":[{"embeddable":true,"href":"https:\/\/rutagolfodebizkaia.com\/es_es\/wp-json\/wp\/v2\/comments?post=58"}],"version-history":[{"count":23,"href":"https:\/\/rutagolfodebizkaia.com\/es_es\/wp-json\/wp\/v2\/pages\/58\/revisions"}],"predecessor-version":[{"id":1953,"href":"https:\/\/rutagolfodebizkaia.com\/es_es\/wp-json\/wp\/v2\/pages\/58\/revisions\/1953"}],"wp:attachment":[{"href":"https:\/\/rutagolfodebizkaia.com\/es_es\/wp-json\/wp\/v2\/media?parent=58"}],"curies":[{"name":"wp","href":"https:\/\/api.w.org\/{rel}","templated":true}]}}