{"id":66,"date":"2018-11-02T10:41:38","date_gmt":"2018-11-02T10:41:38","guid":{"rendered":"http:\/\/listeo.wpengine.com\/?page_id=31"},"modified":"2022-09-23T23:15:57","modified_gmt":"2022-09-23T21:15:57","slug":"destacados","status":"publish","type":"page","link":"https:\/\/rutagolfodebizkaia.com\/es_es\/destacados\/","title":{"rendered":"Lugares destacados"},"content":{"rendered":"<div class=\"vc_row wpb_row vc_row-fluid\"><div class=\"wpb_column vc_column_container vc_col-sm-12\"><div class=\"vc_column-inner\"><div class=\"wpb_wrapper\">\n\t<div class=\"wpb_text_column wpb_content_element  vc_custom_1663967751324\" >\n\t\t<div class=\"wpb_wrapper\">\n\t\t\t<p>Estos lugares realizan un pago para aparecer como destacados. Con este mecanismo \u00fanicamente obtienen una mayor visibilidad de sus fichas en las p\u00e1ginas est\u00e1ticas (no en las b\u00fasquedas ni filtros). Las descripciones de estos lugares se realizan de manera totalmente independiente por nuestro equipo de editores\/as y no est\u00e1n condicionadas por que aparezcan o no en las ventanas de destacados.<\/p>\n\n\t\t<\/div>\n\t<\/div>\n<\/div><\/div><\/div><\/div><div class=\"vc_row wpb_row vc_row-fluid vc_column-gap-5\"><div class=\"wpb_animate_when_almost_visible wpb_fadeInUp fadeInUp wpb_column vc_column_container vc_col-sm-12\"><div class=\"vc_column-inner\"><div class=\"wpb_wrapper\">\r\n\t\t\t<div class=\"row margin-bottom-25\">\r\n\r\n\t\t\t\t\t\t\t<\/div>\r\n\t\t<!-- Listings -->\r\n\r\n<div id=\"listeo-listings-container\" \r\ndata-counter=\"10\" \r\ndata-style=\"compact\"  \r\ndata-custom_class=\"\" \r\ndata-per_page=\"12\" \r\ndata-grid_columns=\"2\" \r\n data-region=\"\"  data-category=\"\"  data-feature=\"\"  data-rental-category=\"\"  data-service-category=\"\"  data-event-category=\"\" class=\"row  ajax-search\">\r\n\t<div class=\"loader-ajax-container\" style=\"\"> <div class=\"loader-ajax\"><\/div> <\/div>\r\n<!-- Listing Item -->\r\n            <div class=\"col-lg-6 col-md-12\">\r\n                <a href=\"https:\/\/rutagolfodebizkaia.com\/es_es\/listing\/a-coruna\/musica\/burger-house\/\" class=\"listing-item-container listing-geo-data compact\" \r\n\t\tdata-title=\"Playa Club\"\r\n\t\tdata-listing-type=\"service\"\r\n\t\tdata-classifieds-price=\"$\"\r\n\t\tdata-friendly-address=\"Discoteca Playa Club And\u00e9n de Riazor, S\/n, 15011 A Coru\u00f1a\"\r\n\t\tdata-address=\"Discoteca Playa Club And\u00e9n de Riazor, S\/n, 15011 A Coru\u00f1a\"\r\n\t\tdata-image=\"https:\/\/rutagolfodebizkaia.com\/wp-content\/uploads\/2019\/01\/playa-club-conciertos-al-aire-libre-520x397.jpg\"\r\n\t\tdata-longitude=\"43.369328\"\r\n\t\tdata-latitude=\"-8.413817\"\r\n\t\t\t\tdata-icon=\"&lt;i class=&quot;im im-icon-Music-Note2&quot;&gt;&lt;\/i&gt;\"\r\n\r\n\t>\r\n            <div class=\"listing-item  featured-listing\">\r\n                <div class=\"listing-small-badges-container\">\r\n                                            <div class=\"listing-small-badge featured-badge\"><i class=\"fa fa-star\"><\/i> Destacado<\/div>\r\n                                                                <div class=\"listing-small-badge pricing-badge\"><i class=\"fa fa-euro\"><\/i>&euro;5,00 - &euro;25,00<\/div>\r\n                                                                                \r\n                <\/div>\r\n                <img fetchpriority=\"high\" decoding=\"async\" width=\"520\" height=\"397\" src=\"https:\/\/rutagolfodebizkaia.com\/wp-content\/uploads\/2019\/01\/playa-club-conciertos-al-aire-libre-520x397.jpg\" class=\"attachment-listeo-listing-grid size-listeo-listing-grid wp-post-image\" alt=\"Coniertos al aire libre Paya Club A Coru\u00f1a\" \/>\r\n                                        <div class=\"listing-badge now-open\">Abierto ahora<\/div>\r\n                        \r\n\r\n                <div class=\"listing-item-content\">\r\n                    \r\n                    <h3>Playa Club <i class=\"verified-icon\"><\/i><\/h3>\r\n                    <span>Discoteca Playa Club And\u00e9n de Riazor, S\/n, 15011 A Coru\u00f1a<\/span>\r\n                <\/div>\r\n                                        <span class=\"save like-icon tooltip left\" title=\"Iniciar sesi\u00f3n para marcar elementos\"><\/span>\r\n                                                <\/div>\r\n        <\/a>\r\n                    <\/div>\r\n        \r\n\r\n        <!-- Listing Item \/ End --><!-- Listing Item -->\r\n            <div class=\"col-lg-6 col-md-12\">\r\n                <a href=\"https:\/\/rutagolfodebizkaia.com\/es_es\/listing\/nantes\/teatro,bebidas,eventos,libreria,musica,exposiciones\/le-liu\/\" class=\"listing-item-container listing-geo-data compact\" \r\n\t\tdata-title=\"Le Liu\"\r\n\t\tdata-listing-type=\"service\"\r\n\t\tdata-classifieds-price=\"$\"\r\n\t\tdata-friendly-address=\"2 Rue de la Biscuiterie, 44000 Nantes, Francia\"\r\n\t\tdata-address=\"2 Rue de la Biscuiterie, 44000 Nantes, Francia\"\r\n\t\tdata-image=\"https:\/\/rutagolfodebizkaia.com\/wp-content\/uploads\/2020\/08\/building-4910942_1920-520x397.jpg\"\r\n\t\tdata-longitude=\"47.215590\"\r\n\t\tdata-latitude=\"-1.545327\"\r\n\t\t\t\tdata-icon=\"&lt;i class=&quot;im im-icon-Board&quot;&gt;&lt;\/i&gt;\"\r\n\r\n\t>\r\n            <div class=\"listing-item  featured-listing\">\r\n                <div class=\"listing-small-badges-container\">\r\n                                            <div class=\"listing-small-badge featured-badge\"><i class=\"fa fa-star\"><\/i> Destacado<\/div>\r\n                                                                                                    \r\n                <\/div>\r\n                <img decoding=\"async\" width=\"520\" height=\"397\" src=\"https:\/\/rutagolfodebizkaia.com\/wp-content\/uploads\/2020\/08\/building-4910942_1920-520x397.jpg\" class=\"attachment-listeo-listing-grid size-listeo-listing-grid wp-post-image\" alt=\"\" \/>\r\n                                            <div class=\"listing-badge now-closed\">Cerrado ahora<\/div>\r\n                                        \r\n\r\n                <div class=\"listing-item-content\">\r\n                    \r\n                    <h3>Le Liu <i class=\"verified-icon\"><\/i><\/h3>\r\n                    <span>2 Rue de la Biscuiterie, 44000 Nantes, Francia<\/span>\r\n                <\/div>\r\n                                        <span class=\"save like-icon tooltip left\" title=\"Iniciar sesi\u00f3n para marcar elementos\"><\/span>\r\n                                                <\/div>\r\n        <\/a>\r\n                    <\/div>\r\n        \r\n\r\n        <!-- Listing Item \/ End --><!-- Listing Item -->\r\n            <div class=\"col-lg-6 col-md-12\">\r\n                <a href=\"https:\/\/rutagolfodebizkaia.com\/es_es\/listing\/bilbo-bilbao,donostia-san-sebastian\/apartamentos\/camping-itxaspe-1a\/\" class=\"listing-item-container listing-geo-data compact\" \r\n\t\tdata-title=\"Camping Itxaspe (1\u00aa cat.)\"\r\n\t\tdata-listing-type=\"rental\"\r\n\t\tdata-classifieds-price=\"$\"\r\n\t\tdata-friendly-address=\"Barrio Itxaspe, s\/n, 20829 Deba-Itziar, Donostia-San Sebastian\"\r\n\t\tdata-address=\"Barrio Itxaspe, s\/n, 20829 Deba-Itziar, Donostia-San Sebastian\"\r\n\t\tdata-image=\"https:\/\/rutagolfodebizkaia.com\/wp-content\/uploads\/2018\/10\/camping-itxaspe-piscina-ona-1-520x397.jpg\"\r\n\t\tdata-longitude=\"43.293750\"\r\n\t\tdata-latitude=\"-2.329820\"\r\n\t\t\t\tdata-icon=\"&lt;i class=&quot;im im-icon-Home&quot;&gt;&lt;\/i&gt;\"\r\n\r\n\t>\r\n            <div class=\"listing-item  featured-listing\">\r\n                <div class=\"listing-small-badges-container\">\r\n                                            <div class=\"listing-small-badge featured-badge\"><i class=\"fa fa-star\"><\/i> Destacado<\/div>\r\n                                                                                                    \r\n                <\/div>\r\n                <img decoding=\"async\" width=\"520\" height=\"397\" src=\"https:\/\/rutagolfodebizkaia.com\/wp-content\/uploads\/2018\/10\/camping-itxaspe-piscina-ona-1-520x397.jpg\" class=\"attachment-listeo-listing-grid size-listeo-listing-grid wp-post-image\" alt=\"\" \/>\r\n                \r\n\r\n                <div class=\"listing-item-content\">\r\n                    \r\n                    <h3>Camping Itxaspe (1\u00aa cat.) <\/h3>\r\n                    <span>Barrio Itxaspe, s\/n, 20829 Deba-Itziar, Donostia-San Sebastian<\/span>\r\n                <\/div>\r\n                                        <span class=\"save like-icon tooltip left\" title=\"Iniciar sesi\u00f3n para marcar elementos\"><\/span>\r\n                                                <\/div>\r\n        <\/a>\r\n                    <\/div>\r\n        \r\n\r\n        <!-- Listing Item \/ End --><!-- Listing Item -->\r\n            <div class=\"col-lg-6 col-md-12\">\r\n                <a href=\"https:\/\/rutagolfodebizkaia.com\/es_es\/listing\/brest,nantes\/bocadillos\/les-mariaichers\/\" class=\"listing-item-container listing-geo-data compact\" \r\n\t\tdata-title=\"Les Mara\u00eechers\"\r\n\t\tdata-listing-type=\"service\"\r\n\t\tdata-classifieds-price=\"$\"\r\n\t\tdata-friendly-address=\"7 Rue J-B Boussingault, 29200 Brest\"\r\n\t\tdata-address=\"7 Rue J-B Boussingault, 29200 Brest\"\r\n\t\tdata-image=\"https:\/\/rutagolfodebizkaia.com\/wp-content\/uploads\/2018\/11\/restaurant-vegetarien-brest-lesmaraichers5-520x300.jpg\"\r\n\t\tdata-longitude=\"48.387548\"\r\n\t\tdata-latitude=\"-4.488357\"\r\n\t\t\t\tdata-icon=\"&lt;i class=&quot;im im-icon-Plates&quot;&gt;&lt;\/i&gt;\"\r\n\r\n\t>\r\n            <div class=\"listing-item  featured-listing\">\r\n                <div class=\"listing-small-badges-container\">\r\n                                            <div class=\"listing-small-badge featured-badge\"><i class=\"fa fa-star\"><\/i> Destacado<\/div>\r\n                                                                <div class=\"listing-small-badge pricing-badge\"><i class=\"fa fa-euro\"><\/i>Comienza desde&euro;20,00<\/div>\r\n                                                                                \r\n                <\/div>\r\n                <img loading=\"lazy\" decoding=\"async\" width=\"520\" height=\"300\" src=\"https:\/\/rutagolfodebizkaia.com\/wp-content\/uploads\/2018\/11\/restaurant-vegetarien-brest-lesmaraichers5-520x300.jpg\" class=\"attachment-listeo-listing-grid size-listeo-listing-grid wp-post-image\" alt=\"\" \/>\r\n                                            <div class=\"listing-badge now-closed\">Cerrado ahora<\/div>\r\n                                        \r\n\r\n                <div class=\"listing-item-content\">\r\n                    \r\n                    <h3>Les Mara\u00eechers <i class=\"verified-icon\"><\/i><\/h3>\r\n                    <span>7 Rue J-B Boussingault, 29200 Brest<\/span>\r\n                <\/div>\r\n                                        <span class=\"save like-icon tooltip left\" title=\"Iniciar sesi\u00f3n para marcar elementos\"><\/span>\r\n                                                <\/div>\r\n        <\/a>\r\n                    <\/div>\r\n        \r\n\r\n        <!-- Listing Item \/ End --><!-- Listing Item -->\r\n            <div class=\"col-lg-6 col-md-12\">\r\n                <a href=\"https:\/\/rutagolfodebizkaia.com\/es_es\/listing\/bilbo-bilbao\/arquitectura,artes-plasticas,esculturas,paisajes\/sunny-apartment\/\" class=\"listing-item-container listing-geo-data compact\" \r\n\t\tdata-title=\"Muelles de Uribitarte\"\r\n\t\tdata-listing-type=\"service\"\r\n\t\tdata-classifieds-price=\"$\"\r\n\t\tdata-friendly-address=\"Bilbao\"\r\n\t\tdata-address=\"Bilbao\"\r\n\t\tdata-image=\"https:\/\/rutagolfodebizkaia.com\/wp-content\/uploads\/2018\/11\/bilbao-URIBITARTE-Enric-Sagarra-de-Pixabay-520x397.jpg\"\r\n\t\tdata-longitude=\"43.269251\"\r\n\t\tdata-latitude=\"-2.932927\"\r\n\t\t\t\tdata-icon=\"&lt;i class=&quot;im im-icon-Camera&quot;&gt;&lt;\/i&gt;\"\r\n\r\n\t>\r\n            <div class=\"listing-item  featured-listing\">\r\n                <div class=\"listing-small-badges-container\">\r\n                                            <div class=\"listing-small-badge featured-badge\"><i class=\"fa fa-star\"><\/i> Destacado<\/div>\r\n                                                                                                    \r\n                <\/div>\r\n                <img loading=\"lazy\" decoding=\"async\" width=\"520\" height=\"397\" src=\"https:\/\/rutagolfodebizkaia.com\/wp-content\/uploads\/2018\/11\/bilbao-URIBITARTE-Enric-Sagarra-de-Pixabay-520x397.jpg\" class=\"attachment-listeo-listing-grid size-listeo-listing-grid wp-post-image\" alt=\"\" \/>\r\n                                        <div class=\"listing-badge now-open\">Abierto ahora<\/div>\r\n                        \r\n\r\n                <div class=\"listing-item-content\">\r\n                    \r\n                    <h3>Muelles de Uribitarte <i class=\"verified-icon\"><\/i><\/h3>\r\n                    <span>Bilbao<\/span>\r\n                <\/div>\r\n                                        <span class=\"save like-icon tooltip left\" title=\"Iniciar sesi\u00f3n para marcar elementos\"><\/span>\r\n                                                <\/div>\r\n        <\/a>\r\n                    <\/div>\r\n        \r\n\r\n        <!-- Listing Item \/ End --><!-- Listing Item -->\r\n            <div class=\"col-lg-6 col-md-12\">\r\n                <a href=\"https:\/\/rutagolfodebizkaia.com\/es_es\/listing\/gijon,santander\/eventos,exposiciones\/toms-restaurant\/\" class=\"listing-item-container listing-geo-data compact\" \r\n\t\tdata-title=\"Palacete del embarcadero\"\r\n\t\tdata-listing-type=\"service\"\r\n\t\tdata-classifieds-price=\"$\"\r\n\t\tdata-friendly-address=\"Muelle de Calder\u00f3n S\/N, 39003 Santander, Cantabria\"\r\n\t\tdata-address=\"Muelle de Calder\u00f3n S\/N, 39003 Santander, Cantabria\"\r\n\t\tdata-image=\"https:\/\/rutagolfodebizkaia.com\/wp-content\/uploads\/2018\/11\/palacete_del_embarcadero_foto_bonita_0-520x217.jpg\"\r\n\t\tdata-longitude=\"43.461412\"\r\n\t\tdata-latitude=\"-3.801933\"\r\n\t\t\t\tdata-icon=\"&lt;i class=&quot;im im-icon-Board&quot;&gt;&lt;\/i&gt;\"\r\n\r\n\t>\r\n            <div class=\"listing-item  featured-listing\">\r\n                <div class=\"listing-small-badges-container\">\r\n                                            <div class=\"listing-small-badge featured-badge\"><i class=\"fa fa-star\"><\/i> Destacado<\/div>\r\n                                                                                                    \r\n                <\/div>\r\n                <img loading=\"lazy\" decoding=\"async\" width=\"520\" height=\"217\" src=\"https:\/\/rutagolfodebizkaia.com\/wp-content\/uploads\/2018\/11\/palacete_del_embarcadero_foto_bonita_0-520x217.jpg\" class=\"attachment-listeo-listing-grid size-listeo-listing-grid wp-post-image\" alt=\"\" \/>\r\n                                            <div class=\"listing-badge now-closed\">Cerrado ahora<\/div>\r\n                                        \r\n\r\n                <div class=\"listing-item-content\">\r\n                    \r\n                    <h3>Palacete del embarcadero <i class=\"verified-icon\"><\/i><\/h3>\r\n                    <span>Muelle de Calder\u00f3n S\/N, 39003 Santander, Cantabria<\/span>\r\n                <\/div>\r\n                                        <span class=\"save like-icon tooltip left\" title=\"Iniciar sesi\u00f3n para marcar elementos\"><\/span>\r\n                                                <\/div>\r\n        <\/a>\r\n                    <\/div>\r\n        \r\n\r\n        <!-- Listing Item \/ End --><!-- Listing Item -->\r\n            <div class=\"col-lg-6 col-md-12\">\r\n                <a href=\"https:\/\/rutagolfodebizkaia.com\/es_es\/listing\/angouleme,burdeos\/arquitectura,artes-plasticas,cafe,diseno,libreria,paisajes,exposiciones\/ciudad-del-comic-y-la-imagen\/\" class=\"listing-item-container listing-geo-data compact\" \r\n\t\tdata-title=\"Ciudad del Comic y la imagen\"\r\n\t\tdata-listing-type=\"service\"\r\n\t\tdata-classifieds-price=\"$\"\r\n\t\tdata-friendly-address=\"Quai de la Charente, 16000 Angoul\u00eame, France\"\r\n\t\tdata-address=\"Quai de la Charente, 16000 Angoul\u00eame, France\"\r\n\t\tdata-image=\"https:\/\/rutagolfodebizkaia.com\/wp-content\/uploads\/2020\/09\/ANGOULEME-le-musee-de-la-bd-pendant-520x397.jpg\"\r\n\t\tdata-longitude=\"45.654004\"\r\n\t\tdata-latitude=\"0.150852\"\r\n\t\t\t\tdata-icon=\"&lt;i class=&quot;im im-icon-Board&quot;&gt;&lt;\/i&gt;\"\r\n\r\n\t>\r\n            <div class=\"listing-item  featured-listing\">\r\n                <div class=\"listing-small-badges-container\">\r\n                                            <div class=\"listing-small-badge featured-badge\"><i class=\"fa fa-star\"><\/i> Destacado<\/div>\r\n                                                                                                    \r\n                <\/div>\r\n                <img loading=\"lazy\" decoding=\"async\" width=\"520\" height=\"397\" src=\"https:\/\/rutagolfodebizkaia.com\/wp-content\/uploads\/2020\/09\/ANGOULEME-le-musee-de-la-bd-pendant-520x397.jpg\" class=\"attachment-listeo-listing-grid size-listeo-listing-grid wp-post-image\" alt=\"\" \/>\r\n                                            <div class=\"listing-badge now-closed\">Cerrado ahora<\/div>\r\n                                        \r\n\r\n                <div class=\"listing-item-content\">\r\n                    \r\n                    <h3>Ciudad del Comic y la imagen <i class=\"verified-icon\"><\/i><\/h3>\r\n                    <span>Quai de la Charente, 16000 Angoul\u00eame, France<\/span>\r\n                <\/div>\r\n                                        <span class=\"save like-icon tooltip left\" title=\"Iniciar sesi\u00f3n para marcar elementos\"><\/span>\r\n                                                <\/div>\r\n        <\/a>\r\n                    <\/div>\r\n        \r\n\r\n        <!-- Listing Item \/ End --><!-- Listing Item -->\r\n            <div class=\"col-lg-6 col-md-12\">\r\n                <a href=\"https:\/\/rutagolfodebizkaia.com\/es_es\/listing\/brest,nantes\/arquitectura,teatro,artes-plasticas,diseno,esculturas,eventos,exposiciones\/le-centre-dart-contemporain-passerelle\/\" class=\"listing-item-container listing-geo-data compact\" \r\n\t\tdata-title=\"Le Centre d&#8217;art contemporain Passerelle\"\r\n\t\tdata-listing-type=\"service\"\r\n\t\tdata-classifieds-price=\"$\"\r\n\t\tdata-friendly-address=\"41 Rue Charles Berthelot, 29200 Brest\"\r\n\t\tdata-address=\"41 Rue Charles Berthelot, 29200 Brest\"\r\n\t\tdata-image=\"https:\/\/rutagolfodebizkaia.com\/wp-content\/uploads\/2020\/09\/pasererelle-lleno-de-gente-520x397.jpg\"\r\n\t\tdata-longitude=\"48.397855\"\r\n\t\tdata-latitude=\"-4.479736\"\r\n\t\t\t\tdata-icon=\"&lt;i class=&quot;im im-icon-Board&quot;&gt;&lt;\/i&gt;\"\r\n\r\n\t>\r\n            <div class=\"listing-item  featured-listing\">\r\n                <div class=\"listing-small-badges-container\">\r\n                                            <div class=\"listing-small-badge featured-badge\"><i class=\"fa fa-star\"><\/i> Destacado<\/div>\r\n                                                                <div class=\"listing-small-badge pricing-badge\"><i class=\"fa fa-euro\"><\/i>&euro;0,00 - &euro;4,00<\/div>\r\n                                                                                \r\n                <\/div>\r\n                <img loading=\"lazy\" decoding=\"async\" width=\"520\" height=\"397\" src=\"https:\/\/rutagolfodebizkaia.com\/wp-content\/uploads\/2020\/09\/pasererelle-lleno-de-gente-520x397.jpg\" class=\"attachment-listeo-listing-grid size-listeo-listing-grid wp-post-image\" alt=\"\" \/>\r\n                                            <div class=\"listing-badge now-closed\">Cerrado ahora<\/div>\r\n                                        \r\n\r\n                <div class=\"listing-item-content\">\r\n                    \r\n                    <h3>Le Centre d&#8217;art contemporain Passerelle <i class=\"verified-icon\"><\/i><\/h3>\r\n                    <span>41 Rue Charles Berthelot, 29200 Brest<\/span>\r\n                <\/div>\r\n                                        <span class=\"save like-icon tooltip left\" title=\"Iniciar sesi\u00f3n para marcar elementos\"><\/span>\r\n                                                <\/div>\r\n        <\/a>\r\n                    <\/div>\r\n        \r\n\r\n        <!-- Listing Item \/ End --><!-- Listing Item -->\r\n            <div class=\"col-lg-6 col-md-12\">\r\n                <a href=\"https:\/\/rutagolfodebizkaia.com\/es_es\/listing\/a-coruna\/apartamentos\/moradas-no-ulla\/\" class=\"listing-item-container listing-geo-data compact\" \r\n\t\tdata-title=\"Moradas no Ulla\"\r\n\t\tdata-listing-type=\"rental\"\r\n\t\tdata-classifieds-price=\"$\"\r\n\t\tdata-friendly-address=\"Freixeiro 3 15883 Teo (A Coru\u00f1a) Galicia \u2013 Spain\"\r\n\t\tdata-address=\"Freixeiro 3 15883 Teo (A Coru\u00f1a) Galicia \u2013 Spain\"\r\n\t\tdata-image=\"https:\/\/rutagolfodebizkaia.com\/wp-content\/uploads\/2021\/01\/caban\u0303as-da-ulla-520x397.jpg\"\r\n\t\tdata-longitude=\"42.75061137841714\"\r\n\t\tdata-latitude=\"-8.562177997418466\"\r\n\t\t\t\tdata-icon=\"&lt;i class=&quot;im im-icon-Home&quot;&gt;&lt;\/i&gt;\"\r\n\r\n\t>\r\n            <div class=\"listing-item  featured-listing\">\r\n                <div class=\"listing-small-badges-container\">\r\n                                            <div class=\"listing-small-badge featured-badge\"><i class=\"fa fa-star\"><\/i> Destacado<\/div>\r\n                                                                                                    \r\n                <\/div>\r\n                <img loading=\"lazy\" decoding=\"async\" width=\"520\" height=\"397\" src=\"https:\/\/rutagolfodebizkaia.com\/wp-content\/uploads\/2021\/01\/caban\u0303as-da-ulla-520x397.jpg\" class=\"attachment-listeo-listing-grid size-listeo-listing-grid wp-post-image\" alt=\"caban\u0303as da ulla 1\" \/>\r\n                \r\n\r\n                <div class=\"listing-item-content\">\r\n                    \r\n                    <h3>Moradas no Ulla <i class=\"verified-icon\"><\/i><\/h3>\r\n                    <span>Freixeiro 3 15883 Teo (A Coru\u00f1a) Galicia \u2013 Spain<\/span>\r\n                <\/div>\r\n                                        <span class=\"save like-icon tooltip left\" title=\"Iniciar sesi\u00f3n para marcar elementos\"><\/span>\r\n                                                <\/div>\r\n        <\/a>\r\n                    <\/div>\r\n        \r\n\r\n        <!-- Listing Item \/ End --><!-- Listing Item -->\r\n            <div class=\"col-lg-6 col-md-12\">\r\n                <a href=\"https:\/\/rutagolfodebizkaia.com\/es_es\/listing\/bilbo-bilbao\/-\/donostiako-zinemaldia-festival-de-cine-de-donostia\/\" class=\"listing-item-container listing-geo-data compact\" \r\n\t\tdata-title=\"Donostiako Zinemaldia \/ Festival de cine de Donostia\"\r\n\t\tdata-listing-type=\"event\"\r\n\t\tdata-classifieds-price=\"$\"\r\n\t\tdata-friendly-address=\"Zurriola Hiribidea, 1, 20002 Donostia, Gipuzkoa\"\r\n\t\tdata-address=\"Zurriola Hiribidea, 1, 20002 Donostia, Gipuzkoa\"\r\n\t\tdata-image=\"https:\/\/rutagolfodebizkaia.com\/wp-content\/uploads\/2020\/10\/Captura-de-pantalla-2020-10-04-a-las-18.23.44-520x397.png\"\r\n\t\tdata-longitude=\"43.324603\"\r\n\t\tdata-latitude=\"-1.978660\"\r\n\t\t\t\tdata-icon=\"&lt;i class=&quot;sl sl-icon-location&quot;&gt;&lt;\/i&gt;\"\r\n\r\n\t>\r\n            <div class=\"listing-item  featured-listing\">\r\n                <div class=\"listing-small-badges-container\">\r\n                                            <div class=\"listing-small-badge featured-badge\"><i class=\"fa fa-star\"><\/i> Destacado<\/div>\r\n                                                                <div class=\"listing-small-badge pricing-badge\"><i class=\"fa fa-euro\"><\/i>&euro;6,00 - &euro;15,00<\/div>\r\n                                                                                                                <div class=\"listing-small-badge\"><i class=\"fa fa-calendar-check\"><\/i>17\/09\/2021<\/div>\r\n                    \r\n                <\/div>\r\n                <img loading=\"lazy\" decoding=\"async\" width=\"520\" height=\"397\" src=\"https:\/\/rutagolfodebizkaia.com\/wp-content\/uploads\/2020\/10\/Captura-de-pantalla-2020-10-04-a-las-18.23.44-520x397.png\" class=\"attachment-listeo-listing-grid size-listeo-listing-grid wp-post-image\" alt=\"\" \/>\r\n                \r\n\r\n                <div class=\"listing-item-content\">\r\n                    \r\n                    <h3>Donostiako Zinemaldia \/ Festival de cine de Donostia <i class=\"verified-icon\"><\/i><\/h3>\r\n                    <span>Zurriola Hiribidea, 1, 20002 Donostia, Gipuzkoa<\/span>\r\n                <\/div>\r\n                                        <span class=\"save like-icon tooltip left\" title=\"Iniciar sesi\u00f3n para marcar elementos\"><\/span>\r\n                                                <\/div>\r\n        <\/a>\r\n                    <\/div>\r\n        \r\n\r\n        <!-- Listing Item \/ End -->\t\t\t<\/div>\r\n\t\t\t<div class=\"pagination-container margin-top-20 margin-bottom-20 ajax-search\">\r\n\t\t\t\t\t\t\t<\/div>\r\n\t\t\t<\/div><\/div><\/div><\/div>\n","protected":false},"excerpt":{"rendered":"<p>No quiero visitarlo<\/p>\n","protected":false},"author":1,"featured_media":0,"parent":0,"menu_order":0,"comment_status":"closed","ping_status":"closed","template":"","meta":{"footnotes":""},"class_list":["post-66","page","type-page","status-publish","hentry"],"jetpack_sharing_enabled":true,"_links":{"self":[{"href":"https:\/\/rutagolfodebizkaia.com\/es_es\/wp-json\/wp\/v2\/pages\/66","targetHints":{"allow":["GET"]}}],"collection":[{"href":"https:\/\/rutagolfodebizkaia.com\/es_es\/wp-json\/wp\/v2\/pages"}],"about":[{"href":"https:\/\/rutagolfodebizkaia.com\/es_es\/wp-json\/wp\/v2\/types\/page"}],"author":[{"embeddable":true,"href":"https:\/\/rutagolfodebizkaia.com\/es_es\/wp-json\/wp\/v2\/users\/1"}],"replies":[{"embeddable":true,"href":"https:\/\/rutagolfodebizkaia.com\/es_es\/wp-json\/wp\/v2\/comments?post=66"}],"version-history":[{"count":32,"href":"https:\/\/rutagolfodebizkaia.com\/es_es\/wp-json\/wp\/v2\/pages\/66\/revisions"}],"predecessor-version":[{"id":2161,"href":"https:\/\/rutagolfodebizkaia.com\/es_es\/wp-json\/wp\/v2\/pages\/66\/revisions\/2161"}],"wp:attachment":[{"href":"https:\/\/rutagolfodebizkaia.com\/es_es\/wp-json\/wp\/v2\/media?parent=66"}],"curies":[{"name":"wp","href":"https:\/\/api.w.org\/{rel}","templated":true}]}}