{"id":1239,"date":"2022-02-20T07:12:49","date_gmt":"2022-02-20T06:12:49","guid":{"rendered":"https:\/\/rutagolfodebizkaia.com\/?post_type=product&#038;p=1239"},"modified":"2022-03-06T13:59:09","modified_gmt":"2022-03-06T12:59:09","slug":"compra-la-ruta-en-papel","status":"publish","type":"product","link":"https:\/\/rutagolfodebizkaia.com\/es_es\/product\/compra-la-ruta-en-papel\/","title":{"rendered":"&#8211; 4 &#8211; COMPRA LA RUTA EN PAPEL"},"content":{"rendered":"<p>Por 19,99\u20ac puedes adquirir la ruta en formato libro, con tapas blandas y compuesta de m\u00e1s de 200 p\u00e1ginas a todo color en tama\u00f1o agenda. Una herramienta indispensable para quienes est\u00e1n acostumbrados a las gu\u00edas en papel. Adem\u00e1s, tendr\u00e1s derecho a descargar la gu\u00eda en PDF y sus actualizaciones anuales.<\/p>\n","protected":false},"excerpt":{"rendered":"<p>Por 19,99\u20ac puedes adquirir la ruta en formato libro, con tapas blandas y compuesta de m\u00e1s de 200 p\u00e1ginas a todo color en tama\u00f1o agenda. Una herramienta indispensable para quienes est\u00e1n acostumbrados a las gu\u00edas en papel. Adem\u00e1s, tendr\u00e1s derecho a descargar la gu\u00eda en PDF y sus actualizaciones anuales.<\/p>\n","protected":false},"featured_media":1523,"template":"","meta":[],"product_cat":[109],"product_tag":[],"class_list":{"0":"post-1239","1":"product","2":"type-product","3":"status-publish","4":"has-post-thumbnail","6":"product_cat-ruteros","8":"first","9":"instock","10":"shipping-taxable","11":"purchasable","12":"product-type-simple"},"jetpack_sharing_enabled":true,"_links":{"self":[{"href":"https:\/\/rutagolfodebizkaia.com\/es_es\/wp-json\/wp\/v2\/product\/1239","targetHints":{"allow":["GET"]}}],"collection":[{"href":"https:\/\/rutagolfodebizkaia.com\/es_es\/wp-json\/wp\/v2\/product"}],"about":[{"href":"https:\/\/rutagolfodebizkaia.com\/es_es\/wp-json\/wp\/v2\/types\/product"}],"wp:featuredmedia":[{"embeddable":true,"href":"https:\/\/rutagolfodebizkaia.com\/es_es\/wp-json\/wp\/v2\/media\/1523"}],"wp:attachment":[{"href":"https:\/\/rutagolfodebizkaia.com\/es_es\/wp-json\/wp\/v2\/media?parent=1239"}],"wp:term":[{"taxonomy":"product_cat","embeddable":true,"href":"https:\/\/rutagolfodebizkaia.com\/es_es\/wp-json\/wp\/v2\/product_cat?post=1239"},{"taxonomy":"product_tag","embeddable":true,"href":"https:\/\/rutagolfodebizkaia.com\/es_es\/wp-json\/wp\/v2\/product_tag?post=1239"}],"curies":[{"name":"wp","href":"https:\/\/api.w.org\/{rel}","templated":true}]}}