{"id":174,"date":"2020-10-03T11:11:48","date_gmt":"2020-10-03T09:11:48","guid":{"rendered":"http:\/\/localhost\/themes\/wordpress\/listeo\/?post_type=product&#038;p=456"},"modified":"2022-02-17T00:31:41","modified_gmt":"2022-02-16T23:31:41","slug":"gratuita-para-siempre","status":"publish","type":"product","link":"https:\/\/rutagolfodebizkaia.com\/es_es\/product\/gratuita-para-siempre\/","title":{"rendered":"&#8211; VIAJERA\/O"},"content":{"rendered":"<ul>\n<li>Puedes generar nuevas fichas de lugares que a\u00fan no aparecen en la ruta, pero solo podr\u00e1s verlos durante 15 d\u00edas. Si en estos 15 d\u00edas los administradores de la Ruta Golfo de Bizkaia deciden verificar estos lugares, pasar\u00e1n a formar parte permanente de la ruta. Si los administradores de la ruta consideran que no cumplen los criterios para formar parte de la misma se borrar\u00e1n.<\/li>\n<li>Recibir\u00e1s nuestro newsletter mensual.<\/li>\n<\/ul>\n","protected":false},"excerpt":{"rendered":"<p>Gratuito.<\/p>\n","protected":false},"featured_media":0,"template":"","meta":[],"product_cat":[15],"product_tag":[],"class_list":{"0":"post-174","1":"product","2":"type-product","3":"status-publish","5":"product_cat-uncategorized","7":"first","8":"instock","9":"virtual","10":"purchasable","11":"product-type-simple"},"jetpack_sharing_enabled":true,"_links":{"self":[{"href":"https:\/\/rutagolfodebizkaia.com\/es_es\/wp-json\/wp\/v2\/product\/174","targetHints":{"allow":["GET"]}}],"collection":[{"href":"https:\/\/rutagolfodebizkaia.com\/es_es\/wp-json\/wp\/v2\/product"}],"about":[{"href":"https:\/\/rutagolfodebizkaia.com\/es_es\/wp-json\/wp\/v2\/types\/product"}],"wp:attachment":[{"href":"https:\/\/rutagolfodebizkaia.com\/es_es\/wp-json\/wp\/v2\/media?parent=174"}],"wp:term":[{"taxonomy":"product_cat","embeddable":true,"href":"https:\/\/rutagolfodebizkaia.com\/es_es\/wp-json\/wp\/v2\/product_cat?post=174"},{"taxonomy":"product_tag","embeddable":true,"href":"https:\/\/rutagolfodebizkaia.com\/es_es\/wp-json\/wp\/v2\/product_tag?post=174"}],"curies":[{"name":"wp","href":"https:\/\/api.w.org\/{rel}","templated":true}]}}